{"id":130,"date":"2020-10-29T06:31:59","date_gmt":"2020-10-29T06:31:59","guid":{"rendered":"https:\/\/patriciasanchezactriz.es\/?page_id=130"},"modified":"2026-01-25T14:40:27","modified_gmt":"2026-01-25T14:40:27","slug":"inicio","status":"publish","type":"page","link":"https:\/\/patriciasanchezactriz.es\/en\/","title":{"rendered":"HOME"},"content":{"rendered":"<div data-elementor-type=\"wp-page\" data-elementor-id=\"130\" class=\"elementor elementor-130\">\n\t\t\t\t\t\t<div class=\"elementor-inner\">\n\t\t\t\t<div class=\"elementor-section-wrap\">\n\t\t\t\t\t\t\t\t\t<section class=\"elementor-section elementor-top-section elementor-element elementor-element-1219753e elementor-section-height-min-height elementor-section-items-stretch elementor-section-boxed elementor-section-height-default\" data-id=\"1219753e\" data-element_type=\"section\" data-settings=\"{&quot;background_background&quot;:&quot;slideshow&quot;,&quot;background_slideshow_gallery&quot;:[{&quot;id&quot;:796,&quot;url&quot;:&quot;http:\\\/\\\/patriciasanchezactriz.es\\\/wp-content\\\/uploads\\\/2023\\\/10\\\/Individual-Patricia-15-scaled-e1696720820573.jpg&quot;},{&quot;id&quot;:740,&quot;url&quot;:&quot;http:\\\/\\\/patriciasanchezactriz.es\\\/wp-content\\\/uploads\\\/2023\\\/10\\\/Individual-Patricia-29-scaled.jpg&quot;},{&quot;id&quot;:747,&quot;url&quot;:&quot;http:\\\/\\\/patriciasanchezactriz.es\\\/wp-content\\\/uploads\\\/2023\\\/10\\\/Individual-Patricia-24-scaled.jpg&quot;},{&quot;id&quot;:682,&quot;url&quot;:&quot;http:\\\/\\\/patriciasanchezactriz.es\\\/wp-content\\\/uploads\\\/2023\\\/10\\\/Individual-Patricia-21-scaled-e1696720974311.jpg&quot;}],&quot;background_slideshow_ken_burns&quot;:&quot;yes&quot;,&quot;motion_fx_motion_fx_scrolling&quot;:&quot;yes&quot;,&quot;background_motion_fx_scale_effect&quot;:&quot;yes&quot;,&quot;background_motion_fx_scale_direction&quot;:&quot;in-out-in&quot;,&quot;background_motion_fx_scale_speed&quot;:{&quot;unit&quot;:&quot;px&quot;,&quot;size&quot;:2,&quot;sizes&quot;:[]},&quot;background_motion_fx_scale_range&quot;:{&quot;unit&quot;:&quot;%&quot;,&quot;size&quot;:&quot;&quot;,&quot;sizes&quot;:{&quot;start&quot;:35,&quot;end&quot;:67}},&quot;background_motion_fx_devices&quot;:[&quot;desktop&quot;,&quot;tablet&quot;,&quot;mobile&quot;],&quot;background_slideshow_loop&quot;:&quot;yes&quot;,&quot;background_slideshow_slide_duration&quot;:5000,&quot;background_slideshow_slide_transition&quot;:&quot;fade&quot;,&quot;background_slideshow_transition_duration&quot;:500,&quot;background_slideshow_ken_burns_zoom_direction&quot;:&quot;in&quot;,&quot;_ha_eqh_enable&quot;:false,&quot;motion_fx_devices&quot;:[&quot;desktop&quot;,&quot;tablet&quot;,&quot;mobile&quot;]}\">\n\t\t\t\t\t\t\t<div class=\"elementor-background-overlay\"><\/div>\n\t\t\t\t\t\t\t<div class=\"elementor-container elementor-column-gap-default\">\n\t\t\t\t\t\t\t<div class=\"elementor-row\">\n\t\t\t\t\t<div class=\"elementor-column elementor-col-100 elementor-top-column elementor-element elementor-element-4abcc62b\" data-id=\"4abcc62b\" data-element_type=\"column\">\n\t\t\t<div class=\"elementor-column-wrap elementor-element-populated\">\n\t\t\t\t\t\t\t<div class=\"elementor-widget-wrap\">\n\t\t\t\t\t\t\t\t<\/div>\n\t\t\t\t\t<\/div>\n\t\t<\/div>\n\t\t\t\t\t\t\t\t<\/div>\n\t\t\t\t\t<\/div>\n\t\t<\/section>\n\t\t\t\t<section class=\"elementor-section elementor-top-section elementor-element elementor-element-6e0dff0 elementor-section-boxed elementor-section-height-default elementor-section-height-default\" data-id=\"6e0dff0\" data-element_type=\"section\" data-settings=\"{&quot;background_background&quot;:&quot;classic&quot;,&quot;_ha_eqh_enable&quot;:false}\">\n\t\t\t\t\t\t<div class=\"elementor-container elementor-column-gap-default\">\n\t\t\t\t\t\t\t<div class=\"elementor-row\">\n\t\t\t\t\t<div class=\"elementor-column elementor-col-50 elementor-top-column elementor-element elementor-element-b82657d\" data-id=\"b82657d\" data-element_type=\"column\">\n\t\t\t<div class=\"elementor-column-wrap elementor-element-populated\">\n\t\t\t\t\t\t\t<div class=\"elementor-widget-wrap\">\n\t\t\t\t\t\t<div class=\"elementor-element elementor-element-f7b8f9b elementor-widget elementor-widget-spacer\" data-id=\"f7b8f9b\" data-element_type=\"widget\" data-widget_type=\"spacer.default\">\n\t\t\t\t<div class=\"elementor-widget-container\">\n\t\t\t\t\t<div class=\"elementor-spacer\">\n\t\t\t<div class=\"elementor-spacer-inner\"><\/div>\n\t\t<\/div>\n\t\t\t\t<\/div>\n\t\t\t\t<\/div>\n\t\t\t\t<div class=\"elementor-element elementor-element-81ed941 elementor-widget elementor-widget-image\" data-id=\"81ed941\" data-element_type=\"widget\" data-widget_type=\"image.default\">\n\t\t\t\t<div class=\"elementor-widget-container\">\n\t\t\t\t\t\t\t\t<div class=\"elementor-image\">\n\t\t\t\t\t\t\t\t\t\t\t\t<img decoding=\"async\" width=\"870\" height=\"278\" src=\"https:\/\/patriciasanchezactriz.es\/wp-content\/uploads\/2026\/01\/Captura-de-pantalla-2026-01-25-a-las-15.29.25-870x278.png\" class=\"attachment-ultp_layout_landscape size-ultp_layout_landscape wp-image-1784\" alt=\"\" \/>\t\t\t\t\t\t\t\t\t\t\t\t\t\t<\/div>\n\t\t\t\t\t\t<\/div>\n\t\t\t\t<\/div>\n\t\t\t\t<div class=\"elementor-element elementor-element-aea8f4d elementor-widget elementor-widget-spacer\" data-id=\"aea8f4d\" data-element_type=\"widget\" data-widget_type=\"spacer.default\">\n\t\t\t\t<div class=\"elementor-widget-container\">\n\t\t\t\t\t<div class=\"elementor-spacer\">\n\t\t\t<div class=\"elementor-spacer-inner\"><\/div>\n\t\t<\/div>\n\t\t\t\t<\/div>\n\t\t\t\t<\/div>\n\t\t\t\t<div class=\"elementor-element elementor-element-f897d1b elementor-widget elementor-widget-text-editor\" data-id=\"f897d1b\" data-element_type=\"widget\" data-widget_type=\"text-editor.default\">\n\t\t\t\t<div class=\"elementor-widget-container\">\n\t\t\t\t\t\t\t\t<div class=\"elementor-text-editor elementor-clearfix\">\n\t\t\t\t<p style=\"text-align: left;\"><b>Hi! Nice to meet you ;)<\/b><\/p><p style=\"text-align: left;\" data-start=\"237\" data-end=\"351\">Soy <strong data-start=\"241\" data-end=\"268\">Patricia S\u00e1nchez Moreno<\/strong>, actriz de teatro musical, natural de Murcia con residencia en Madrid y Barcelona.<\/p><p style=\"text-align: left;\" data-start=\"353\" data-end=\"765\">Mi camino art\u00edstico comenz\u00f3 con la m\u00fasica y el piano, que fueron mi primer contacto con el mundo del arte. Con el tiempo se sumaron el teatro y la danza, hasta descubrir en el teatro musical el espacio donde todas estas disciplinas se un\u00edan de forma natural y m\u00e1gica. Ah\u00ed fue cuando entend\u00ed que pod\u00eda contar historias desde el cuerpo, la voz y la emoci\u00f3n.<\/p><p style=\"text-align: left;\" data-start=\"767\" data-end=\"1104\">En 2019, tras asistir a la representaci\u00f3n de <em data-start=\"812\" data-end=\"829\">West Side Story<\/em> en el Teatro Calder\u00f3n, tom\u00e9 la decisi\u00f3n de orientar mi trayectoria hacia una formaci\u00f3n profesional en teatro musical. A partir de ese momento, comenc\u00e9 un proceso de formaci\u00f3n constante y comprometido, enfocado tanto en el crecimiento t\u00e9cnico como en el desarrollo art\u00edstico.<\/p><p style=\"text-align: left;\" data-start=\"1106\" data-end=\"1435\">Desde entonces, he participado en distintos proyectos esc\u00e9nicos y audiovisuales, combinando cursos, entrenamientos, obras de teatro y teatro musical, rodajes y experiencias art\u00edsticas que han ido construyendo mi recorrido profesional. Cada proyecto ha sido una oportunidad de aprendizaje y crecimiento como artista.<\/p><p style=\"text-align: left;\" data-start=\"1437\" data-end=\"1696\">Actualmente curso el segundo a\u00f1o del <strong data-start=\"1474\" data-end=\"1505\">BA (Hons) en Teatro Musical<\/strong> en el <em data-start=\"1512\" data-end=\"1551\">Institute of the Arts Barcelona (IAB)<\/em>, donde contin\u00fao desarrollando mis habilidades interpretativas, vocales y corporales desde una formaci\u00f3n multidisciplinar, exigente y profesional.\u00a0<\/p><p style=\"text-align: left;\" data-start=\"1698\" data-end=\"2092\">Me considero una persona creativa, sensible, cercana, constante y muy trabajadora. Disfruto profundamente del proceso art\u00edstico, del trabajo en equipo y de los proyectos que nacen desde la honestidad, el compromiso y la pasi\u00f3n por el arte. Creo en el arte como un espacio de conexi\u00f3n con el p\u00fablico y como una herramienta poderosa para emocionar, inspirar y contar historias que dejen huella.\u00a0<\/p><p style=\"text-align: left;\" data-start=\"2094\" data-end=\"2168\">\u2728 Te invito a descubrir m\u00e1s sobre m\u00ed y mis proyectos en la web.<\/p>\t\t\t\t\t<\/div>\n\t\t\t\t\t\t<\/div>\n\t\t\t\t<\/div>\n\t\t\t\t<div class=\"elementor-element elementor-element-b04a604 elementor-widget elementor-widget-spacer\" data-id=\"b04a604\" data-element_type=\"widget\" data-widget_type=\"spacer.default\">\n\t\t\t\t<div class=\"elementor-widget-container\">\n\t\t\t\t\t<div class=\"elementor-spacer\">\n\t\t\t<div class=\"elementor-spacer-inner\"><\/div>\n\t\t<\/div>\n\t\t\t\t<\/div>\n\t\t\t\t<\/div>\n\t\t\t\t\t\t<\/div>\n\t\t\t\t\t<\/div>\n\t\t<\/div>\n\t\t\t\t<div class=\"elementor-column elementor-col-50 elementor-top-column elementor-element elementor-element-e652a67\" data-id=\"e652a67\" data-element_type=\"column\">\n\t\t\t<div class=\"elementor-column-wrap elementor-element-populated\">\n\t\t\t\t\t\t\t<div class=\"elementor-widget-wrap\">\n\t\t\t\t\t\t<div class=\"elementor-element elementor-element-7b1f344 elementor-widget elementor-widget-spacer\" data-id=\"7b1f344\" data-element_type=\"widget\" data-widget_type=\"spacer.default\">\n\t\t\t\t<div class=\"elementor-widget-container\">\n\t\t\t\t\t<div class=\"elementor-spacer\">\n\t\t\t<div class=\"elementor-spacer-inner\"><\/div>\n\t\t<\/div>\n\t\t\t\t<\/div>\n\t\t\t\t<\/div>\n\t\t\t\t<div class=\"elementor-element elementor-element-e18598a elementor-widget elementor-widget-image\" data-id=\"e18598a\" data-element_type=\"widget\" data-widget_type=\"image.default\">\n\t\t\t\t<div class=\"elementor-widget-container\">\n\t\t\t\t\t\t\t\t<div class=\"elementor-image\">\n\t\t\t\t\t\t\t\t\t\t\t\t<img decoding=\"async\" width=\"683\" height=\"1024\" src=\"https:\/\/patriciasanchezactriz.es\/wp-content\/uploads\/2024\/09\/Individual-Patricia-5-683x1024.jpg\" class=\"attachment-large size-large wp-image-1654\" alt=\"\" srcset=\"https:\/\/patriciasanchezactriz.es\/wp-content\/uploads\/2024\/09\/Individual-Patricia-5-683x1024.jpg 683w, https:\/\/patriciasanchezactriz.es\/wp-content\/uploads\/2024\/09\/Individual-Patricia-5-200x300.jpg 200w, https:\/\/patriciasanchezactriz.es\/wp-content\/uploads\/2024\/09\/Individual-Patricia-5-768x1152.jpg 768w, https:\/\/patriciasanchezactriz.es\/wp-content\/uploads\/2024\/09\/Individual-Patricia-5-1024x1536.jpg 1024w, https:\/\/patriciasanchezactriz.es\/wp-content\/uploads\/2024\/09\/Individual-Patricia-5-1365x2048.jpg 1365w, https:\/\/patriciasanchezactriz.es\/wp-content\/uploads\/2024\/09\/Individual-Patricia-5-8x12.jpg 8w, https:\/\/patriciasanchezactriz.es\/wp-content\/uploads\/2024\/09\/Individual-Patricia-5-600x900.jpg 600w, https:\/\/patriciasanchezactriz.es\/wp-content\/uploads\/2024\/09\/Individual-Patricia-5-scaled.jpg 1707w\" sizes=\"(max-width: 683px) 100vw, 683px\" \/>\t\t\t\t\t\t\t\t\t\t\t\t\t\t<\/div>\n\t\t\t\t\t\t<\/div>\n\t\t\t\t<\/div>\n\t\t\t\t<div class=\"elementor-element elementor-element-c7b670a elementor-widget elementor-widget-image\" data-id=\"c7b670a\" data-element_type=\"widget\" data-widget_type=\"image.default\">\n\t\t\t\t<div class=\"elementor-widget-container\">\n\t\t\t\t\t\t\t\t<div class=\"elementor-image\">\n\t\t\t\t\t\t\t\t\t\t\t\t<img decoding=\"async\" width=\"502\" height=\"124\" src=\"https:\/\/patriciasanchezactriz.es\/wp-content\/uploads\/2026\/01\/Captura-de-pantalla-2026-01-25-a-las-12.45.59.png\" class=\"attachment-medium_large size-medium_large wp-image-1733\" alt=\"\" srcset=\"https:\/\/patriciasanchezactriz.es\/wp-content\/uploads\/2026\/01\/Captura-de-pantalla-2026-01-25-a-las-12.45.59.png 502w, https:\/\/patriciasanchezactriz.es\/wp-content\/uploads\/2026\/01\/Captura-de-pantalla-2026-01-25-a-las-12.45.59-300x74.png 300w, https:\/\/patriciasanchezactriz.es\/wp-content\/uploads\/2026\/01\/Captura-de-pantalla-2026-01-25-a-las-12.45.59-18x4.png 18w\" sizes=\"(max-width: 502px) 100vw, 502px\" \/>\t\t\t\t\t\t\t\t\t\t\t\t\t\t<\/div>\n\t\t\t\t\t\t<\/div>\n\t\t\t\t<\/div>\n\t\t\t\t<div class=\"elementor-element elementor-element-89eb800 elementor-shape-circle elementor-grid-0 e-grid-align-center elementor-widget elementor-widget-social-icons\" data-id=\"89eb800\" data-element_type=\"widget\" data-widget_type=\"social-icons.default\">\n\t\t\t\t<div class=\"elementor-widget-container\">\n\t\t\t\t\t<div class=\"elementor-social-icons-wrapper elementor-grid\">\n\t\t\t\t\t\t\t<span class=\"elementor-grid-item\">\n\t\t\t\t\t<a class=\"elementor-icon elementor-social-icon elementor-social-icon-instagram elementor-repeater-item-e3e5489\" href=\"https:\/\/www.youtube.com\/redirect?event=channel_header&#038;redir_token=QUFFLUhqbkxmWWhFejBaOFhva1lLbmtUZl9UMjJYSjNQQXxBQ3Jtc0trMmxFMlQxSGI5cjhYVjV5ZVZpQ2xteU1ZZmdtWFhrTnpyT2ZUWmR4eU9fWE1VaGtfTmNRTTNTRFUxNTUtTTJORFdCaDJRMjl4MENhVEptZW1DSkc4VlBEVm1hOXlfRXVIV3hKVnoxc2RyeTc1SVpKUQ&#038;q=https%3A%2F%2Fwww.instagram.com%2Fsoypatriciasanchez%2F%3Figshid%3DMzNlNGNkZWQ4Mg%253D%253D\" target=\"_blank\" rel=\"noopener\">\n\t\t\t\t\t\t<span class=\"elementor-screen-only\">Instagram<\/span>\n\t\t\t\t\t\t<i class=\"fab fa-instagram\"><\/i>\t\t\t\t\t<\/a>\n\t\t\t\t<\/span>\n\t\t\t\t\t\t\t<span class=\"elementor-grid-item\">\n\t\t\t\t\t<a class=\"elementor-icon elementor-social-icon elementor-social-icon-youtube elementor-repeater-item-b06b6dd\" href=\"https:\/\/www.youtube.com\/@patriciasanchez.actriz\" target=\"_blank\" rel=\"noopener\">\n\t\t\t\t\t\t<span class=\"elementor-screen-only\">Youtube<\/span>\n\t\t\t\t\t\t<i class=\"fab fa-youtube\"><\/i>\t\t\t\t\t<\/a>\n\t\t\t\t<\/span>\n\t\t\t\t\t<\/div>\n\t\t\t\t<\/div>\n\t\t\t\t<\/div>\n\t\t\t\t\t\t<\/div>\n\t\t\t\t\t<\/div>\n\t\t<\/div>\n\t\t\t\t\t\t\t\t<\/div>\n\t\t\t\t\t<\/div>\n\t\t<\/section>\n\t\t\t\t<section class=\"elementor-section elementor-top-section elementor-element elementor-element-6a65b8f elementor-section-boxed elementor-section-height-default elementor-section-height-default\" data-id=\"6a65b8f\" data-element_type=\"section\" data-settings=\"{&quot;background_background&quot;:&quot;classic&quot;,&quot;_ha_eqh_enable&quot;:false}\">\n\t\t\t\t\t\t<div class=\"elementor-container elementor-column-gap-default\">\n\t\t\t\t\t\t\t<div class=\"elementor-row\">\n\t\t\t\t\t<div class=\"elementor-column elementor-col-100 elementor-top-column elementor-element elementor-element-5678ab8\" data-id=\"5678ab8\" data-element_type=\"column\">\n\t\t\t<div class=\"elementor-column-wrap\">\n\t\t\t\t\t\t\t<div class=\"elementor-widget-wrap\">\n\t\t\t\t\t\t\t\t<\/div>\n\t\t\t\t\t<\/div>\n\t\t<\/div>\n\t\t\t\t\t\t\t\t<\/div>\n\t\t\t\t\t<\/div>\n\t\t<\/section>\n\t\t\t\t<section class=\"elementor-section elementor-top-section elementor-element elementor-element-b0d352b elementor-section-boxed elementor-section-height-default elementor-section-height-default\" data-id=\"b0d352b\" data-element_type=\"section\" data-settings=\"{&quot;background_background&quot;:&quot;classic&quot;,&quot;_ha_eqh_enable&quot;:false}\">\n\t\t\t\t\t\t<div class=\"elementor-container elementor-column-gap-default\">\n\t\t\t\t\t\t\t<div class=\"elementor-row\">\n\t\t\t\t\t<div class=\"elementor-column elementor-col-100 elementor-top-column elementor-element elementor-element-54b2215\" data-id=\"54b2215\" data-element_type=\"column\">\n\t\t\t<div class=\"elementor-column-wrap\">\n\t\t\t\t\t\t\t<div class=\"elementor-widget-wrap\">\n\t\t\t\t\t\t\t\t<\/div>\n\t\t\t\t\t<\/div>\n\t\t<\/div>\n\t\t\t\t\t\t\t\t<\/div>\n\t\t\t\t\t<\/div>\n\t\t<\/section>\n\t\t\t\t\t\t\t\t\t<\/div>\n\t\t\t<\/div>\n\t\t\t\t\t<\/div>","protected":false},"excerpt":{"rendered":"<p>\u00a1Hola! Encantada de conocerte \ud83d\ude09 Soy Patricia S\u00e1nchez Moreno, actriz de teatro musical, natural de Murcia con residencia en Madrid y Barcelona. Mi camino art\u00edstico comenz\u00f3 con la m\u00fasica y el piano, que fueron mi primer contacto con el mundo del arte. Con el tiempo se sumaron el teatro y la danza, hasta descubrir en [&hellip;]<\/p>","protected":false},"author":1,"featured_media":0,"parent":0,"menu_order":0,"comment_status":"closed","ping_status":"closed","template":"elementor_header_footer","meta":{"footnotes":""},"_links":{"self":[{"href":"https:\/\/patriciasanchezactriz.es\/en\/wp-json\/wp\/v2\/pages\/130"}],"collection":[{"href":"https:\/\/patriciasanchezactriz.es\/en\/wp-json\/wp\/v2\/pages"}],"about":[{"href":"https:\/\/patriciasanchezactriz.es\/en\/wp-json\/wp\/v2\/types\/page"}],"author":[{"embeddable":true,"href":"https:\/\/patriciasanchezactriz.es\/en\/wp-json\/wp\/v2\/users\/1"}],"replies":[{"embeddable":true,"href":"https:\/\/patriciasanchezactriz.es\/en\/wp-json\/wp\/v2\/comments?post=130"}],"version-history":[{"count":123,"href":"https:\/\/patriciasanchezactriz.es\/en\/wp-json\/wp\/v2\/pages\/130\/revisions"}],"predecessor-version":[{"id":1787,"href":"https:\/\/patriciasanchezactriz.es\/en\/wp-json\/wp\/v2\/pages\/130\/revisions\/1787"}],"wp:attachment":[{"href":"https:\/\/patriciasanchezactriz.es\/en\/wp-json\/wp\/v2\/media?parent=130"}],"curies":[{"name":"wp","href":"https:\/\/api.w.org\/{rel}","templated":true}]}}